{"id":1888,"date":"2021-01-09T09:00:27","date_gmt":"2021-01-09T08:00:27","guid":{"rendered":"https:\/\/www.eendracht-adventures.nl\/product\/sorgenfreies-paket\/"},"modified":"2023-08-15T09:12:39","modified_gmt":"2023-08-15T07:12:39","slug":"sorgenfreies-paket","status":"publish","type":"product","link":"https:\/\/www.eendracht-adventures.nl\/de\/product\/sorgenfreies-paket\/","title":{"rendered":"Sorgenfreies Paket"},"content":{"rendered":"<p>Dies ist unser beliebtestes Paket! Das Sorgenfreie-Paintball-Paket ist f\u00fcr Paintballer, die sorgenlos Paintball spielen wollen. Du erh\u00e4ltst zus\u00e4tzliche Munition, mit der du noch mehr Spiele spielen k\u00f6nnen, und du bekommst in der Pause ein kostenloses Getr\u00e4nk. Es beinhaltet ein komplettes Outfit, bestehend aus einem Tarnanzug, einer Maske mit Anti-Beschlag-Glas und einer Paintball-Pistole. Dar\u00fcber hinaus wirst du w\u00e4hrend der gesamten Aktivit\u00e4t von unserem fachkundigen Personal begleitet. Dieses Paintball-Paket enth\u00e4lt 300 Paintballs.<\/p>\n<p>Bei Eendracht Adventures hast du immer das Feld f\u00fcr deine eigene Gruppe und es gibt kein Zeitlimit bei den Spielen. Wir spielen, bis die B\u00e4lle weg sind, in der Praxis dauert dies in der Regel etwa 2,5 bis 3 Stunden ab Ankunft. Nat\u00fcrlich h\u00e4ngt dies von deinem Schie\u00dfverhalten ab, aber f\u00fcr die Begeisterten ist es immer m\u00f6glich, zus\u00e4tzliche B\u00e4lle zu kaufen.<\/p>\n","protected":false},"excerpt":{"rendered":"<ul>\n<li>Inklusive 300 Paintballs<\/li>\n<li>Komplette Ausr\u00fcstung<\/li>\n<li>Professionelle Begleitung<\/li>\n<li>Freies Getr\u00e4nk nach Wahl<\/li>\n<li>Dauer ca. 3 Stunden<\/li>\n<\/ul>\n","protected":false},"featured_media":3887,"template":"","meta":[],"product_cat":[53],"product_tag":[],"acf":[],"yoast_head":"<!-- This site is optimized with the Yoast SEO plugin v20.1 - https:\/\/yoast.com\/wordpress\/plugins\/seo\/ -->\n<title>Sorgenfreies Paket - Eendracht Adventures<\/title>\n<meta name=\"robots\" content=\"index, follow, max-snippet:-1, max-image-preview:large, max-video-preview:-1\" \/>\n<link rel=\"canonical\" href=\"https:\/\/www.eendracht-adventures.nl\/de\/product\/sorgenfreies-paket\/\" \/>\n<meta property=\"og:locale\" content=\"de_DE\" \/>\n<meta property=\"og:type\" content=\"article\" \/>\n<meta property=\"og:title\" content=\"Sorgenfreies Paket - Eendracht Adventures\" \/>\n<meta property=\"og:description\" content=\"Inklusive 300 Paintballs  Komplette Ausr\u00fcstung  Professionelle Begleitung  Freies Getr\u00e4nk nach Wahl  Dauer ca. 3 Stunden\" \/>\n<meta property=\"og:url\" content=\"https:\/\/www.eendracht-adventures.nl\/de\/product\/sorgenfreies-paket\/\" \/>\n<meta property=\"og:site_name\" content=\"Eendracht Adventures\" \/>\n<meta property=\"article:modified_time\" content=\"2023-08-15T07:12:39+00:00\" \/>\n<meta property=\"og:image\" content=\"https:\/\/www.eendracht-adventures.nl\/wp-content\/uploads\/2021\/02\/Paintball-in-het-dorp.png\" \/>\n\t<meta property=\"og:image:width\" content=\"1054\" \/>\n\t<meta property=\"og:image:height\" content=\"800\" \/>\n\t<meta property=\"og:image:type\" content=\"image\/png\" \/>\n<meta name=\"twitter:card\" content=\"summary_large_image\" \/>\n<meta name=\"twitter:label1\" content=\"Gesch\u00e4tzte Lesezeit\" \/>\n\t<meta name=\"twitter:data1\" content=\"1 Minute\" \/>\n<script type=\"application\/ld+json\" class=\"yoast-schema-graph\">{\"@context\":\"https:\/\/schema.org\",\"@graph\":[{\"@type\":\"WebPage\",\"@id\":\"https:\/\/www.eendracht-adventures.nl\/de\/product\/sorgenfreies-paket\/\",\"url\":\"https:\/\/www.eendracht-adventures.nl\/de\/product\/sorgenfreies-paket\/\",\"name\":\"Sorgenfreies Paket - Eendracht Adventures\",\"isPartOf\":{\"@id\":\"https:\/\/www.eendracht-adventures.nl\/#website\"},\"datePublished\":\"2021-01-09T08:00:27+00:00\",\"dateModified\":\"2023-08-15T07:12:39+00:00\",\"breadcrumb\":{\"@id\":\"https:\/\/www.eendracht-adventures.nl\/de\/product\/sorgenfreies-paket\/#breadcrumb\"},\"inLanguage\":\"de-DE\",\"potentialAction\":[{\"@type\":\"ReadAction\",\"target\":[\"https:\/\/www.eendracht-adventures.nl\/de\/product\/sorgenfreies-paket\/\"]}]},{\"@type\":\"BreadcrumbList\",\"@id\":\"https:\/\/www.eendracht-adventures.nl\/de\/product\/sorgenfreies-paket\/#breadcrumb\",\"itemListElement\":[{\"@type\":\"ListItem\",\"position\":1,\"name\":\"Home\",\"item\":\"https:\/\/www.eendracht-adventures.nl\/de\/\"},{\"@type\":\"ListItem\",\"position\":2,\"name\":\"Sorgenfreies Paket\"}]},{\"@type\":\"WebSite\",\"@id\":\"https:\/\/www.eendracht-adventures.nl\/#website\",\"url\":\"https:\/\/www.eendracht-adventures.nl\/\",\"name\":\"Eendracht Adventures\",\"description\":\"Sport, spel, spanning en gezelligheid. Alles in een bij Eendracht Adventures.\",\"publisher\":{\"@id\":\"https:\/\/www.eendracht-adventures.nl\/#organization\"},\"potentialAction\":[{\"@type\":\"SearchAction\",\"target\":{\"@type\":\"EntryPoint\",\"urlTemplate\":\"https:\/\/www.eendracht-adventures.nl\/?s={search_term_string}\"},\"query-input\":\"required name=search_term_string\"}],\"inLanguage\":\"de-DE\"},{\"@type\":\"Organization\",\"@id\":\"https:\/\/www.eendracht-adventures.nl\/#organization\",\"name\":\"Eendracht Adventures\",\"url\":\"https:\/\/www.eendracht-adventures.nl\/\",\"logo\":{\"@type\":\"ImageObject\",\"inLanguage\":\"de-DE\",\"@id\":\"https:\/\/www.eendracht-adventures.nl\/#\/schema\/logo\/image\/\",\"url\":\"https:\/\/www.eendracht-adventures.nl\/wp-content\/uploads\/2021\/11\/Logo-Eendracht-Adventures-groen-zonder-tekst-.png\",\"contentUrl\":\"https:\/\/www.eendracht-adventures.nl\/wp-content\/uploads\/2021\/11\/Logo-Eendracht-Adventures-groen-zonder-tekst-.png\",\"width\":1156,\"height\":352,\"caption\":\"Eendracht Adventures\"},\"image\":{\"@id\":\"https:\/\/www.eendracht-adventures.nl\/#\/schema\/logo\/image\/\"}}]}<\/script>\n<!-- \/ Yoast SEO plugin. -->","yoast_head_json":{"title":"Sorgenfreies Paket - Eendracht Adventures","robots":{"index":"index","follow":"follow","max-snippet":"max-snippet:-1","max-image-preview":"max-image-preview:large","max-video-preview":"max-video-preview:-1"},"canonical":"https:\/\/www.eendracht-adventures.nl\/de\/product\/sorgenfreies-paket\/","og_locale":"de_DE","og_type":"article","og_title":"Sorgenfreies Paket - Eendracht Adventures","og_description":"Inklusive 300 Paintballs  Komplette Ausr\u00fcstung  Professionelle Begleitung  Freies Getr\u00e4nk nach Wahl  Dauer ca. 3 Stunden","og_url":"https:\/\/www.eendracht-adventures.nl\/de\/product\/sorgenfreies-paket\/","og_site_name":"Eendracht Adventures","article_modified_time":"2023-08-15T07:12:39+00:00","og_image":[{"width":1054,"height":800,"url":"https:\/\/www.eendracht-adventures.nl\/wp-content\/uploads\/2021\/02\/Paintball-in-het-dorp.png","type":"image\/png"}],"twitter_card":"summary_large_image","twitter_misc":{"Gesch\u00e4tzte Lesezeit":"1 Minute"},"schema":{"@context":"https:\/\/schema.org","@graph":[{"@type":"WebPage","@id":"https:\/\/www.eendracht-adventures.nl\/de\/product\/sorgenfreies-paket\/","url":"https:\/\/www.eendracht-adventures.nl\/de\/product\/sorgenfreies-paket\/","name":"Sorgenfreies Paket - Eendracht Adventures","isPartOf":{"@id":"https:\/\/www.eendracht-adventures.nl\/#website"},"datePublished":"2021-01-09T08:00:27+00:00","dateModified":"2023-08-15T07:12:39+00:00","breadcrumb":{"@id":"https:\/\/www.eendracht-adventures.nl\/de\/product\/sorgenfreies-paket\/#breadcrumb"},"inLanguage":"de-DE","potentialAction":[{"@type":"ReadAction","target":["https:\/\/www.eendracht-adventures.nl\/de\/product\/sorgenfreies-paket\/"]}]},{"@type":"BreadcrumbList","@id":"https:\/\/www.eendracht-adventures.nl\/de\/product\/sorgenfreies-paket\/#breadcrumb","itemListElement":[{"@type":"ListItem","position":1,"name":"Home","item":"https:\/\/www.eendracht-adventures.nl\/de\/"},{"@type":"ListItem","position":2,"name":"Sorgenfreies Paket"}]},{"@type":"WebSite","@id":"https:\/\/www.eendracht-adventures.nl\/#website","url":"https:\/\/www.eendracht-adventures.nl\/","name":"Eendracht Adventures","description":"Sport, spel, spanning en gezelligheid. Alles in een bij Eendracht Adventures.","publisher":{"@id":"https:\/\/www.eendracht-adventures.nl\/#organization"},"potentialAction":[{"@type":"SearchAction","target":{"@type":"EntryPoint","urlTemplate":"https:\/\/www.eendracht-adventures.nl\/?s={search_term_string}"},"query-input":"required name=search_term_string"}],"inLanguage":"de-DE"},{"@type":"Organization","@id":"https:\/\/www.eendracht-adventures.nl\/#organization","name":"Eendracht Adventures","url":"https:\/\/www.eendracht-adventures.nl\/","logo":{"@type":"ImageObject","inLanguage":"de-DE","@id":"https:\/\/www.eendracht-adventures.nl\/#\/schema\/logo\/image\/","url":"https:\/\/www.eendracht-adventures.nl\/wp-content\/uploads\/2021\/11\/Logo-Eendracht-Adventures-groen-zonder-tekst-.png","contentUrl":"https:\/\/www.eendracht-adventures.nl\/wp-content\/uploads\/2021\/11\/Logo-Eendracht-Adventures-groen-zonder-tekst-.png","width":1156,"height":352,"caption":"Eendracht Adventures"},"image":{"@id":"https:\/\/www.eendracht-adventures.nl\/#\/schema\/logo\/image\/"}}]}},"_links":{"self":[{"href":"https:\/\/www.eendracht-adventures.nl\/de\/wp-json\/wp\/v2\/product\/1888"}],"collection":[{"href":"https:\/\/www.eendracht-adventures.nl\/de\/wp-json\/wp\/v2\/product"}],"about":[{"href":"https:\/\/www.eendracht-adventures.nl\/de\/wp-json\/wp\/v2\/types\/product"}],"wp:featuredmedia":[{"embeddable":true,"href":"https:\/\/www.eendracht-adventures.nl\/de\/wp-json\/wp\/v2\/media\/3887"}],"wp:attachment":[{"href":"https:\/\/www.eendracht-adventures.nl\/de\/wp-json\/wp\/v2\/media?parent=1888"}],"wp:term":[{"taxonomy":"product_cat","embeddable":true,"href":"https:\/\/www.eendracht-adventures.nl\/de\/wp-json\/wp\/v2\/product_cat?post=1888"},{"taxonomy":"product_tag","embeddable":true,"href":"https:\/\/www.eendracht-adventures.nl\/de\/wp-json\/wp\/v2\/product_tag?post=1888"}],"curies":[{"name":"wp","href":"https:\/\/api.w.org\/{rel}","templated":true}]}}