{"id":2129,"date":"2021-01-05T11:00:43","date_gmt":"2021-01-05T10:00:43","guid":{"rendered":"https:\/\/www.eendracht-adventures.nl\/product\/barbeque-geheel-verzorgd\/"},"modified":"2023-06-01T10:14:15","modified_gmt":"2023-06-01T08:14:15","slug":"komplett-versorgter-grill","status":"publish","type":"product","link":"https:\/\/www.eendracht-adventures.nl\/de\/product\/komplett-versorgter-grill\/","title":{"rendered":"Komplett versorgter Grill"},"content":{"rendered":"<p>Nach einer sportlichen Aktivit\u00e4t bei Eendracht Adventures k\u00f6nnen Sie ein leckeres Barbecue mit Qualit\u00e4tsfleisch vom Metzger genie\u00dfen. Au\u00dferdem gibt es ein Buffet mit frisch gebackenem franz\u00f6sischem Brot, Kr\u00e4uterbutter, verschiedenen Salaten und So\u00dfen. Das Fleisch wird vor Ihren Augen gebraten, und nat\u00fcrlich gibt es auch ein leckeres Getr\u00e4nk.<\/p>\n<p><strong>Unsere Grillpakete haben immer einen guten Geschmack, denn wir bestellen sie direkt beim Metzger. Es ist also immer frisch und von sehr guter Qualit\u00e4t.<\/strong><\/p>\n<p><strong>Komplett versorgter Grill mit Qualit\u00e4tsfleisch vom Metzger:<\/strong><\/p>\n<ul>\n<li>Frisch gebackenes Baguette und Kr\u00e4uterbutter<\/li>\n<li>1 gro\u00dfer Wieringer-Weide-Burger, 1 Fleischspie\u00df, 1 gro\u00dfes Schweinefilet und 2 H\u00e4hnchenfilets<\/li>\n<li>Leckere gro\u00dfe vorbereitete Salate mit Fleischr\u00f6llchen, Gem\u00fcse und Obst<\/li>\n<li>Serviert mit Knoblauchsauce, Chili-Sauce und scharfer Erdnuss-Saucee<\/li>\n<\/ul>\n","protected":false},"excerpt":{"rendered":"<p><strong>Komplett versorgter Grill mit Qualit\u00e4tsfleisch vom Metzger<\/strong><\/p>\n<ul>\n<li>Nur in Kombination mit einem Paintball paket<\/li>\n<li>Gro\u00dfe Fleischplatte mit 1 gro\u00dfer Wieringer-Weide-Burger, 1 Fleischspie\u00df, 1 gro\u00dfes Schweinefilet und 2 H\u00e4hnchenfilets<\/li>\n<li>Leckere gro\u00dfe vorbereitete Salate mit Fleischr\u00f6llchen, Gem\u00fcse und Obst<\/li>\n<li>Serviert mit Knoblauchsauce, Chili-Sauce und scharfer Erdnuss-Sauce<\/li>\n<li>Frisch gebackenes Baguette und Kr\u00e4uterbutter<\/li>\n<\/ul>\n","protected":false},"featured_media":1520,"template":"","meta":[],"product_cat":[58],"product_tag":[],"acf":[],"yoast_head":"<!-- This site is optimized with the Yoast SEO plugin v20.1 - https:\/\/yoast.com\/wordpress\/plugins\/seo\/ -->\n<title>Komplett versorgter Grill - Eendracht Adventures<\/title>\n<meta name=\"robots\" content=\"index, follow, max-snippet:-1, max-image-preview:large, max-video-preview:-1\" \/>\n<link rel=\"canonical\" href=\"https:\/\/www.eendracht-adventures.nl\/de\/product\/komplett-versorgter-grill\/\" \/>\n<meta property=\"og:locale\" content=\"de_DE\" \/>\n<meta property=\"og:type\" content=\"article\" \/>\n<meta property=\"og:title\" content=\"Komplett versorgter Grill - Eendracht Adventures\" \/>\n<meta property=\"og:description\" content=\"Komplett versorgter Grill mit Qualit\u00e4tsfleisch vom Metzger   Nur in Kombination mit einem Paintball paket  Gro\u00dfe Fleischplatte mit 1 gro\u00dfer Wieringer-Weide-Burger, 1 Fleischspie\u00df, 1 gro\u00dfes Schweinefilet und 2 H\u00e4hnchenfilets  Leckere gro\u00dfe vorbereitete Salate mit Fleischr\u00f6llchen, Gem\u00fcse und Obst  Serviert mit Knoblauchsauce, Chili-Sauce und scharfer Erdnuss-Sauce  Frisch gebackenes Baguette und Kr\u00e4uterbutter\" \/>\n<meta property=\"og:url\" content=\"https:\/\/www.eendracht-adventures.nl\/de\/product\/komplett-versorgter-grill\/\" \/>\n<meta property=\"og:site_name\" content=\"Eendracht Adventures\" \/>\n<meta property=\"article:modified_time\" content=\"2023-06-01T08:14:15+00:00\" \/>\n<meta property=\"og:image\" content=\"https:\/\/www.eendracht-adventures.nl\/wp-content\/uploads\/2021\/01\/526_org.jpg\" \/>\n\t<meta property=\"og:image:width\" content=\"1600\" \/>\n\t<meta property=\"og:image:height\" content=\"1200\" \/>\n\t<meta property=\"og:image:type\" content=\"image\/jpeg\" \/>\n<meta name=\"twitter:card\" content=\"summary_large_image\" \/>\n<meta name=\"twitter:label1\" content=\"Gesch\u00e4tzte Lesezeit\" \/>\n\t<meta name=\"twitter:data1\" content=\"1 Minute\" \/>\n<script type=\"application\/ld+json\" class=\"yoast-schema-graph\">{\"@context\":\"https:\/\/schema.org\",\"@graph\":[{\"@type\":\"WebPage\",\"@id\":\"https:\/\/www.eendracht-adventures.nl\/de\/product\/komplett-versorgter-grill\/\",\"url\":\"https:\/\/www.eendracht-adventures.nl\/de\/product\/komplett-versorgter-grill\/\",\"name\":\"Komplett versorgter Grill - Eendracht Adventures\",\"isPartOf\":{\"@id\":\"https:\/\/www.eendracht-adventures.nl\/#website\"},\"datePublished\":\"2021-01-05T10:00:43+00:00\",\"dateModified\":\"2023-06-01T08:14:15+00:00\",\"breadcrumb\":{\"@id\":\"https:\/\/www.eendracht-adventures.nl\/de\/product\/komplett-versorgter-grill\/#breadcrumb\"},\"inLanguage\":\"de-DE\",\"potentialAction\":[{\"@type\":\"ReadAction\",\"target\":[\"https:\/\/www.eendracht-adventures.nl\/de\/product\/komplett-versorgter-grill\/\"]}]},{\"@type\":\"BreadcrumbList\",\"@id\":\"https:\/\/www.eendracht-adventures.nl\/de\/product\/komplett-versorgter-grill\/#breadcrumb\",\"itemListElement\":[{\"@type\":\"ListItem\",\"position\":1,\"name\":\"Home\",\"item\":\"https:\/\/www.eendracht-adventures.nl\/de\/\"},{\"@type\":\"ListItem\",\"position\":2,\"name\":\"Komplett versorgter Grill\"}]},{\"@type\":\"WebSite\",\"@id\":\"https:\/\/www.eendracht-adventures.nl\/#website\",\"url\":\"https:\/\/www.eendracht-adventures.nl\/\",\"name\":\"Eendracht Adventures\",\"description\":\"Sport, spel, spanning en gezelligheid. Alles in een bij Eendracht Adventures.\",\"publisher\":{\"@id\":\"https:\/\/www.eendracht-adventures.nl\/#organization\"},\"potentialAction\":[{\"@type\":\"SearchAction\",\"target\":{\"@type\":\"EntryPoint\",\"urlTemplate\":\"https:\/\/www.eendracht-adventures.nl\/?s={search_term_string}\"},\"query-input\":\"required name=search_term_string\"}],\"inLanguage\":\"de-DE\"},{\"@type\":\"Organization\",\"@id\":\"https:\/\/www.eendracht-adventures.nl\/#organization\",\"name\":\"Eendracht Adventures\",\"url\":\"https:\/\/www.eendracht-adventures.nl\/\",\"logo\":{\"@type\":\"ImageObject\",\"inLanguage\":\"de-DE\",\"@id\":\"https:\/\/www.eendracht-adventures.nl\/#\/schema\/logo\/image\/\",\"url\":\"https:\/\/www.eendracht-adventures.nl\/wp-content\/uploads\/2021\/11\/Logo-Eendracht-Adventures-groen-zonder-tekst-.png\",\"contentUrl\":\"https:\/\/www.eendracht-adventures.nl\/wp-content\/uploads\/2021\/11\/Logo-Eendracht-Adventures-groen-zonder-tekst-.png\",\"width\":1156,\"height\":352,\"caption\":\"Eendracht Adventures\"},\"image\":{\"@id\":\"https:\/\/www.eendracht-adventures.nl\/#\/schema\/logo\/image\/\"}}]}<\/script>\n<!-- \/ Yoast SEO plugin. -->","yoast_head_json":{"title":"Komplett versorgter Grill - Eendracht Adventures","robots":{"index":"index","follow":"follow","max-snippet":"max-snippet:-1","max-image-preview":"max-image-preview:large","max-video-preview":"max-video-preview:-1"},"canonical":"https:\/\/www.eendracht-adventures.nl\/de\/product\/komplett-versorgter-grill\/","og_locale":"de_DE","og_type":"article","og_title":"Komplett versorgter Grill - Eendracht Adventures","og_description":"Komplett versorgter Grill mit Qualit\u00e4tsfleisch vom Metzger   Nur in Kombination mit einem Paintball paket  Gro\u00dfe Fleischplatte mit 1 gro\u00dfer Wieringer-Weide-Burger, 1 Fleischspie\u00df, 1 gro\u00dfes Schweinefilet und 2 H\u00e4hnchenfilets  Leckere gro\u00dfe vorbereitete Salate mit Fleischr\u00f6llchen, Gem\u00fcse und Obst  Serviert mit Knoblauchsauce, Chili-Sauce und scharfer Erdnuss-Sauce  Frisch gebackenes Baguette und Kr\u00e4uterbutter","og_url":"https:\/\/www.eendracht-adventures.nl\/de\/product\/komplett-versorgter-grill\/","og_site_name":"Eendracht Adventures","article_modified_time":"2023-06-01T08:14:15+00:00","og_image":[{"width":1600,"height":1200,"url":"https:\/\/www.eendracht-adventures.nl\/wp-content\/uploads\/2021\/01\/526_org.jpg","type":"image\/jpeg"}],"twitter_card":"summary_large_image","twitter_misc":{"Gesch\u00e4tzte Lesezeit":"1 Minute"},"schema":{"@context":"https:\/\/schema.org","@graph":[{"@type":"WebPage","@id":"https:\/\/www.eendracht-adventures.nl\/de\/product\/komplett-versorgter-grill\/","url":"https:\/\/www.eendracht-adventures.nl\/de\/product\/komplett-versorgter-grill\/","name":"Komplett versorgter Grill - Eendracht Adventures","isPartOf":{"@id":"https:\/\/www.eendracht-adventures.nl\/#website"},"datePublished":"2021-01-05T10:00:43+00:00","dateModified":"2023-06-01T08:14:15+00:00","breadcrumb":{"@id":"https:\/\/www.eendracht-adventures.nl\/de\/product\/komplett-versorgter-grill\/#breadcrumb"},"inLanguage":"de-DE","potentialAction":[{"@type":"ReadAction","target":["https:\/\/www.eendracht-adventures.nl\/de\/product\/komplett-versorgter-grill\/"]}]},{"@type":"BreadcrumbList","@id":"https:\/\/www.eendracht-adventures.nl\/de\/product\/komplett-versorgter-grill\/#breadcrumb","itemListElement":[{"@type":"ListItem","position":1,"name":"Home","item":"https:\/\/www.eendracht-adventures.nl\/de\/"},{"@type":"ListItem","position":2,"name":"Komplett versorgter Grill"}]},{"@type":"WebSite","@id":"https:\/\/www.eendracht-adventures.nl\/#website","url":"https:\/\/www.eendracht-adventures.nl\/","name":"Eendracht Adventures","description":"Sport, spel, spanning en gezelligheid. Alles in een bij Eendracht Adventures.","publisher":{"@id":"https:\/\/www.eendracht-adventures.nl\/#organization"},"potentialAction":[{"@type":"SearchAction","target":{"@type":"EntryPoint","urlTemplate":"https:\/\/www.eendracht-adventures.nl\/?s={search_term_string}"},"query-input":"required name=search_term_string"}],"inLanguage":"de-DE"},{"@type":"Organization","@id":"https:\/\/www.eendracht-adventures.nl\/#organization","name":"Eendracht Adventures","url":"https:\/\/www.eendracht-adventures.nl\/","logo":{"@type":"ImageObject","inLanguage":"de-DE","@id":"https:\/\/www.eendracht-adventures.nl\/#\/schema\/logo\/image\/","url":"https:\/\/www.eendracht-adventures.nl\/wp-content\/uploads\/2021\/11\/Logo-Eendracht-Adventures-groen-zonder-tekst-.png","contentUrl":"https:\/\/www.eendracht-adventures.nl\/wp-content\/uploads\/2021\/11\/Logo-Eendracht-Adventures-groen-zonder-tekst-.png","width":1156,"height":352,"caption":"Eendracht Adventures"},"image":{"@id":"https:\/\/www.eendracht-adventures.nl\/#\/schema\/logo\/image\/"}}]}},"_links":{"self":[{"href":"https:\/\/www.eendracht-adventures.nl\/de\/wp-json\/wp\/v2\/product\/2129"}],"collection":[{"href":"https:\/\/www.eendracht-adventures.nl\/de\/wp-json\/wp\/v2\/product"}],"about":[{"href":"https:\/\/www.eendracht-adventures.nl\/de\/wp-json\/wp\/v2\/types\/product"}],"wp:featuredmedia":[{"embeddable":true,"href":"https:\/\/www.eendracht-adventures.nl\/de\/wp-json\/wp\/v2\/media\/1520"}],"wp:attachment":[{"href":"https:\/\/www.eendracht-adventures.nl\/de\/wp-json\/wp\/v2\/media?parent=2129"}],"wp:term":[{"taxonomy":"product_cat","embeddable":true,"href":"https:\/\/www.eendracht-adventures.nl\/de\/wp-json\/wp\/v2\/product_cat?post=2129"},{"taxonomy":"product_tag","embeddable":true,"href":"https:\/\/www.eendracht-adventures.nl\/de\/wp-json\/wp\/v2\/product_tag?post=2129"}],"curies":[{"name":"wp","href":"https:\/\/api.w.org\/{rel}","templated":true}]}}