{"id":2135,"date":"2021-01-01T04:55:23","date_gmt":"2021-01-01T03:55:23","guid":{"rendered":"https:\/\/www.eendracht-adventures.nl\/product\/kinderpaintball\/"},"modified":"2021-11-09T10:55:47","modified_gmt":"2021-11-09T09:55:47","slug":"paintball-fuer-kinder","status":"publish","type":"product","link":"https:\/\/www.eendracht-adventures.nl\/de\/product\/paintball-fuer-kinder\/","title":{"rendered":"Paintball f\u00fcr Kinder"},"content":{"rendered":"<p>Ein toller Erfolg f\u00fcr ein Kinderparty, eine Klassenfahrt oder einen Familienausflug! Die perfekte Gelegenheit f\u00fcr einen unterhaltsamen, sportlichen und aufsehenerregenden Ausflug. Kinder k\u00f6nnen sich bei spannenden Spielen in einer abenteuerlichen und lebensechten Arena austoben. Erobere oder verteidige die Festung, k\u00e4mpfe um die Flagge, finde deinen Gegner zwischen Betonbunkern. Geburtstagspartys sind bei uns seit Jahren der Renner: &#8222;Die coolste Kinderparty aller Zeiten&#8220; nennen unsere jungen Besucher sie. Paintball f\u00fcr Kinder: ein unvergesslicher Tag.<\/p>\n<p>Das Kinder-Paintball-Paket ist speziell f\u00fcr Kinder zwischen 9 und 14 Jahren konzipiert. Du erh\u00e4ltst eine komplette Ausr\u00fcstung bestehend aus einer speziellen Kinder-Paintball-Pistole, einem Kinder-Tarnanzug und einer Maske mit Antibeschlagscheibe. Unser fachkundiges Personal garantiert die Sicherheit und begleitet die Kinder mit Begeisterung durch die Aktivit\u00e4t. Dieses Paintball-Paket f\u00fcr Kinder enth\u00e4lt 100 B\u00e4lle.<\/p>\n<p>Bei Eendracht Adventures werden die Kinder in 2 Teams aufgeteilt und haben das ganze Feld f\u00fcr sich allein. Speziell f\u00fcr die Kinder haben wir die sch\u00f6nsten Felder und Spiele ausgew\u00e4hlt. In der Praxis dauert dies in der Regel etwa 2 bis 2,5 Stunden ab Ankunft. Das h\u00e4ngt nat\u00fcrlich vom Schussverhalten ab.<\/p>\n<p>Unser Programm sieht wie folgt aus:<\/p>\n<ul>\n<li>Start, Anziehen der Overalls und Masken<\/li>\n<li>Erl\u00e4uterung der Spiel- und Sicherheitsregeln, Waffendemonstration<\/li>\n<li>Eine Stunde spielen (z.B. 2 Felder, jedes Feld 2 mal)<\/li>\n<li>Viertelst\u00fcndige Pause mit Getr\u00e4nken und Chips<\/li>\n<li>Eine Stunde Spielzeit (z.B. 1 Spielfeld, dieses Spielfeld 4 Mal)<\/li>\n<li>Wechseln der Kleidung und Nachgl\u00fchen mit einem Eis<\/li>\n<\/ul>\n","protected":false},"excerpt":{"rendered":"<ul>\n<li>Enth\u00e4lt 100 Paintballs<\/li>\n<li>Ausr\u00fcstung speziell f\u00fcr Kinder<\/li>\n<li>Professionelles Coaching<\/li>\n<li>Kostenloses Getr\u00e4nk und eine T\u00fcte Chips<\/li>\n<li>Anschlie\u00dfend Eiscreme<\/li>\n<li>Dauer etwa 2 bis 2,5 Stunden<\/li>\n<\/ul>\n","protected":false},"featured_media":1470,"template":"","meta":[],"product_cat":[59],"product_tag":[],"acf":[],"yoast_head":"<!-- This site is optimized with the Yoast SEO plugin v20.1 - https:\/\/yoast.com\/wordpress\/plugins\/seo\/ -->\n<title>Paintball f\u00fcr Kinder - Eendracht Adventures<\/title>\n<meta name=\"robots\" content=\"index, follow, max-snippet:-1, max-image-preview:large, max-video-preview:-1\" \/>\n<link rel=\"canonical\" href=\"https:\/\/www.eendracht-adventures.nl\/de\/product\/paintball-fuer-kinder\/\" \/>\n<meta property=\"og:locale\" content=\"de_DE\" \/>\n<meta property=\"og:type\" content=\"article\" \/>\n<meta property=\"og:title\" content=\"Paintball f\u00fcr Kinder - Eendracht Adventures\" \/>\n<meta property=\"og:description\" content=\"Enth\u00e4lt 100 Paintballs  Ausr\u00fcstung speziell f\u00fcr Kinder  Professionelles Coaching  Kostenloses Getr\u00e4nk und eine T\u00fcte Chips  Anschlie\u00dfend Eiscreme  Dauer etwa 2 bis 2,5 Stunden\" \/>\n<meta property=\"og:url\" content=\"https:\/\/www.eendracht-adventures.nl\/de\/product\/paintball-fuer-kinder\/\" \/>\n<meta property=\"og:site_name\" content=\"Eendracht Adventures\" \/>\n<meta property=\"article:modified_time\" content=\"2021-11-09T09:55:47+00:00\" \/>\n<meta property=\"og:image\" content=\"https:\/\/www.eendracht-adventures.nl\/wp-content\/uploads\/2021\/01\/530_org.jpg\" \/>\n\t<meta property=\"og:image:width\" content=\"2000\" \/>\n\t<meta property=\"og:image:height\" content=\"1125\" \/>\n\t<meta property=\"og:image:type\" content=\"image\/jpeg\" \/>\n<meta name=\"twitter:card\" content=\"summary_large_image\" \/>\n<meta name=\"twitter:label1\" content=\"Gesch\u00e4tzte Lesezeit\" \/>\n\t<meta name=\"twitter:data1\" content=\"1 Minute\" \/>\n<script type=\"application\/ld+json\" class=\"yoast-schema-graph\">{\"@context\":\"https:\/\/schema.org\",\"@graph\":[{\"@type\":\"WebPage\",\"@id\":\"https:\/\/www.eendracht-adventures.nl\/de\/product\/paintball-fuer-kinder\/\",\"url\":\"https:\/\/www.eendracht-adventures.nl\/de\/product\/paintball-fuer-kinder\/\",\"name\":\"Paintball f\u00fcr Kinder - Eendracht Adventures\",\"isPartOf\":{\"@id\":\"https:\/\/www.eendracht-adventures.nl\/#website\"},\"datePublished\":\"2021-01-01T03:55:23+00:00\",\"dateModified\":\"2021-11-09T09:55:47+00:00\",\"breadcrumb\":{\"@id\":\"https:\/\/www.eendracht-adventures.nl\/de\/product\/paintball-fuer-kinder\/#breadcrumb\"},\"inLanguage\":\"de-DE\",\"potentialAction\":[{\"@type\":\"ReadAction\",\"target\":[\"https:\/\/www.eendracht-adventures.nl\/de\/product\/paintball-fuer-kinder\/\"]}]},{\"@type\":\"BreadcrumbList\",\"@id\":\"https:\/\/www.eendracht-adventures.nl\/de\/product\/paintball-fuer-kinder\/#breadcrumb\",\"itemListElement\":[{\"@type\":\"ListItem\",\"position\":1,\"name\":\"Home\",\"item\":\"https:\/\/www.eendracht-adventures.nl\/de\/\"},{\"@type\":\"ListItem\",\"position\":2,\"name\":\"Paintball f\u00fcr Kinder\"}]},{\"@type\":\"WebSite\",\"@id\":\"https:\/\/www.eendracht-adventures.nl\/#website\",\"url\":\"https:\/\/www.eendracht-adventures.nl\/\",\"name\":\"Eendracht Adventures\",\"description\":\"Sport, spel, spanning en gezelligheid. Alles in een bij Eendracht Adventures.\",\"publisher\":{\"@id\":\"https:\/\/www.eendracht-adventures.nl\/#organization\"},\"potentialAction\":[{\"@type\":\"SearchAction\",\"target\":{\"@type\":\"EntryPoint\",\"urlTemplate\":\"https:\/\/www.eendracht-adventures.nl\/?s={search_term_string}\"},\"query-input\":\"required name=search_term_string\"}],\"inLanguage\":\"de-DE\"},{\"@type\":\"Organization\",\"@id\":\"https:\/\/www.eendracht-adventures.nl\/#organization\",\"name\":\"Eendracht Adventures\",\"url\":\"https:\/\/www.eendracht-adventures.nl\/\",\"logo\":{\"@type\":\"ImageObject\",\"inLanguage\":\"de-DE\",\"@id\":\"https:\/\/www.eendracht-adventures.nl\/#\/schema\/logo\/image\/\",\"url\":\"https:\/\/www.eendracht-adventures.nl\/wp-content\/uploads\/2021\/11\/Logo-Eendracht-Adventures-groen-zonder-tekst-.png\",\"contentUrl\":\"https:\/\/www.eendracht-adventures.nl\/wp-content\/uploads\/2021\/11\/Logo-Eendracht-Adventures-groen-zonder-tekst-.png\",\"width\":1156,\"height\":352,\"caption\":\"Eendracht Adventures\"},\"image\":{\"@id\":\"https:\/\/www.eendracht-adventures.nl\/#\/schema\/logo\/image\/\"}}]}<\/script>\n<!-- \/ Yoast SEO plugin. -->","yoast_head_json":{"title":"Paintball f\u00fcr Kinder - Eendracht Adventures","robots":{"index":"index","follow":"follow","max-snippet":"max-snippet:-1","max-image-preview":"max-image-preview:large","max-video-preview":"max-video-preview:-1"},"canonical":"https:\/\/www.eendracht-adventures.nl\/de\/product\/paintball-fuer-kinder\/","og_locale":"de_DE","og_type":"article","og_title":"Paintball f\u00fcr Kinder - Eendracht Adventures","og_description":"Enth\u00e4lt 100 Paintballs  Ausr\u00fcstung speziell f\u00fcr Kinder  Professionelles Coaching  Kostenloses Getr\u00e4nk und eine T\u00fcte Chips  Anschlie\u00dfend Eiscreme  Dauer etwa 2 bis 2,5 Stunden","og_url":"https:\/\/www.eendracht-adventures.nl\/de\/product\/paintball-fuer-kinder\/","og_site_name":"Eendracht Adventures","article_modified_time":"2021-11-09T09:55:47+00:00","og_image":[{"width":2000,"height":1125,"url":"https:\/\/www.eendracht-adventures.nl\/wp-content\/uploads\/2021\/01\/530_org.jpg","type":"image\/jpeg"}],"twitter_card":"summary_large_image","twitter_misc":{"Gesch\u00e4tzte Lesezeit":"1 Minute"},"schema":{"@context":"https:\/\/schema.org","@graph":[{"@type":"WebPage","@id":"https:\/\/www.eendracht-adventures.nl\/de\/product\/paintball-fuer-kinder\/","url":"https:\/\/www.eendracht-adventures.nl\/de\/product\/paintball-fuer-kinder\/","name":"Paintball f\u00fcr Kinder - Eendracht Adventures","isPartOf":{"@id":"https:\/\/www.eendracht-adventures.nl\/#website"},"datePublished":"2021-01-01T03:55:23+00:00","dateModified":"2021-11-09T09:55:47+00:00","breadcrumb":{"@id":"https:\/\/www.eendracht-adventures.nl\/de\/product\/paintball-fuer-kinder\/#breadcrumb"},"inLanguage":"de-DE","potentialAction":[{"@type":"ReadAction","target":["https:\/\/www.eendracht-adventures.nl\/de\/product\/paintball-fuer-kinder\/"]}]},{"@type":"BreadcrumbList","@id":"https:\/\/www.eendracht-adventures.nl\/de\/product\/paintball-fuer-kinder\/#breadcrumb","itemListElement":[{"@type":"ListItem","position":1,"name":"Home","item":"https:\/\/www.eendracht-adventures.nl\/de\/"},{"@type":"ListItem","position":2,"name":"Paintball f\u00fcr Kinder"}]},{"@type":"WebSite","@id":"https:\/\/www.eendracht-adventures.nl\/#website","url":"https:\/\/www.eendracht-adventures.nl\/","name":"Eendracht Adventures","description":"Sport, spel, spanning en gezelligheid. Alles in een bij Eendracht Adventures.","publisher":{"@id":"https:\/\/www.eendracht-adventures.nl\/#organization"},"potentialAction":[{"@type":"SearchAction","target":{"@type":"EntryPoint","urlTemplate":"https:\/\/www.eendracht-adventures.nl\/?s={search_term_string}"},"query-input":"required name=search_term_string"}],"inLanguage":"de-DE"},{"@type":"Organization","@id":"https:\/\/www.eendracht-adventures.nl\/#organization","name":"Eendracht Adventures","url":"https:\/\/www.eendracht-adventures.nl\/","logo":{"@type":"ImageObject","inLanguage":"de-DE","@id":"https:\/\/www.eendracht-adventures.nl\/#\/schema\/logo\/image\/","url":"https:\/\/www.eendracht-adventures.nl\/wp-content\/uploads\/2021\/11\/Logo-Eendracht-Adventures-groen-zonder-tekst-.png","contentUrl":"https:\/\/www.eendracht-adventures.nl\/wp-content\/uploads\/2021\/11\/Logo-Eendracht-Adventures-groen-zonder-tekst-.png","width":1156,"height":352,"caption":"Eendracht Adventures"},"image":{"@id":"https:\/\/www.eendracht-adventures.nl\/#\/schema\/logo\/image\/"}}]}},"_links":{"self":[{"href":"https:\/\/www.eendracht-adventures.nl\/de\/wp-json\/wp\/v2\/product\/2135"}],"collection":[{"href":"https:\/\/www.eendracht-adventures.nl\/de\/wp-json\/wp\/v2\/product"}],"about":[{"href":"https:\/\/www.eendracht-adventures.nl\/de\/wp-json\/wp\/v2\/types\/product"}],"wp:featuredmedia":[{"embeddable":true,"href":"https:\/\/www.eendracht-adventures.nl\/de\/wp-json\/wp\/v2\/media\/1470"}],"wp:attachment":[{"href":"https:\/\/www.eendracht-adventures.nl\/de\/wp-json\/wp\/v2\/media?parent=2135"}],"wp:term":[{"taxonomy":"product_cat","embeddable":true,"href":"https:\/\/www.eendracht-adventures.nl\/de\/wp-json\/wp\/v2\/product_cat?post=2135"},{"taxonomy":"product_tag","embeddable":true,"href":"https:\/\/www.eendracht-adventures.nl\/de\/wp-json\/wp\/v2\/product_tag?post=2135"}],"curies":[{"name":"wp","href":"https:\/\/api.w.org\/{rel}","templated":true}]}}