{"id":2139,"date":"2020-12-31T04:55:58","date_gmt":"2020-12-31T03:55:58","guid":{"rendered":"https:\/\/www.eendracht-adventures.nl\/product\/paintball-200-ballenpakket\/"},"modified":"2024-07-22T11:02:04","modified_gmt":"2024-07-22T09:02:04","slug":"paintball-200-paket","status":"publish","type":"product","link":"https:\/\/www.eendracht-adventures.nl\/de\/product\/paintball-200-paket\/","title":{"rendered":"Paintball 200 paket"},"content":{"rendered":"<p>Das Paintball 200 Paket ist f\u00fcr Paintballer, die einfach mehr Paintball wollen. Du erh\u00e4ltst Extra-Munition, mit der du noch mehr Spiele spielen kannst. Es beinhaltet ein komplettes Outfit, bestehend aus einem Tarnanzug, einer Maske mit Anti-Beschlag-Glas und einer Paintball-Pistole. Dar\u00fcber hinaus wirst du w\u00e4hrend der gesamten Aktivit\u00e4t von unserem fachkundigen Personal begleitet. Dieses Paintball-Paket enth\u00e4lt 200 Paintballs.<\/p>\n<p>Bei Eendracht Adventures hast du immer das Feld f\u00fcr deine eigene Gruppe und es gibt kein Zeitlimit bei den Spielen. Wir spielen, bis die B\u00e4lle weg sind, in der Praxis dauert dies in der Regel 1,5 bis 2 Stunden ab Ankunft. Nat\u00fcrlich h\u00e4ngt dies von deinem Schussverhalten ab, aber f\u00fcr die Begeisterten ist es immer m\u00f6glich, zus\u00e4tzliche B\u00e4lle zu kaufen.<\/p>\n","protected":false},"excerpt":{"rendered":"<ul>\n<li>Inklusive 200 Paintballs<\/li>\n<li>Komplette Ausr\u00fcstung<\/li>\n<li>Professionelle Begleitung<\/li>\n<li>Dauer ca. 2 Stunden<\/li>\n<li>Pro 100 zus\u00e4tzliche Paintballs: \u20ac 12,00<\/li>\n<\/ul>\n","protected":false},"featured_media":1576,"template":"","meta":[],"product_cat":[53],"product_tag":[],"acf":[],"yoast_head":"<!-- This site is optimized with the Yoast SEO plugin v20.1 - https:\/\/yoast.com\/wordpress\/plugins\/seo\/ -->\n<title>Paintball 200 paket - Eendracht Adventures<\/title>\n<meta name=\"robots\" content=\"index, follow, max-snippet:-1, max-image-preview:large, max-video-preview:-1\" \/>\n<link rel=\"canonical\" href=\"https:\/\/www.eendracht-adventures.nl\/de\/product\/paintball-200-paket\/\" \/>\n<meta property=\"og:locale\" content=\"de_DE\" \/>\n<meta property=\"og:type\" content=\"article\" \/>\n<meta property=\"og:title\" content=\"Paintball 200 paket - Eendracht Adventures\" \/>\n<meta property=\"og:description\" content=\"Inklusive 200 Paintballs  Komplette Ausr\u00fcstung  Professionelle Begleitung  Dauer ca. 2 Stunden  Pro 100 zus\u00e4tzliche Paintballs: \u20ac 12,00\" \/>\n<meta property=\"og:url\" content=\"https:\/\/www.eendracht-adventures.nl\/de\/product\/paintball-200-paket\/\" \/>\n<meta property=\"og:site_name\" content=\"Eendracht Adventures\" \/>\n<meta property=\"article:modified_time\" content=\"2024-07-22T09:02:04+00:00\" \/>\n<meta property=\"og:image\" content=\"https:\/\/www.eendracht-adventures.nl\/wp-content\/uploads\/2021\/02\/Paintball-in-het-dorp.png\" \/>\n\t<meta property=\"og:image:width\" content=\"1054\" \/>\n\t<meta property=\"og:image:height\" content=\"800\" \/>\n\t<meta property=\"og:image:type\" content=\"image\/png\" \/>\n<meta name=\"twitter:card\" content=\"summary_large_image\" \/>\n<meta name=\"twitter:label1\" content=\"Gesch\u00e4tzte Lesezeit\" \/>\n\t<meta name=\"twitter:data1\" content=\"1 Minute\" \/>\n<script type=\"application\/ld+json\" class=\"yoast-schema-graph\">{\"@context\":\"https:\/\/schema.org\",\"@graph\":[{\"@type\":\"WebPage\",\"@id\":\"https:\/\/www.eendracht-adventures.nl\/de\/product\/paintball-200-paket\/\",\"url\":\"https:\/\/www.eendracht-adventures.nl\/de\/product\/paintball-200-paket\/\",\"name\":\"Paintball 200 paket - Eendracht Adventures\",\"isPartOf\":{\"@id\":\"https:\/\/www.eendracht-adventures.nl\/#website\"},\"datePublished\":\"2020-12-31T03:55:58+00:00\",\"dateModified\":\"2024-07-22T09:02:04+00:00\",\"breadcrumb\":{\"@id\":\"https:\/\/www.eendracht-adventures.nl\/de\/product\/paintball-200-paket\/#breadcrumb\"},\"inLanguage\":\"de-DE\",\"potentialAction\":[{\"@type\":\"ReadAction\",\"target\":[\"https:\/\/www.eendracht-adventures.nl\/de\/product\/paintball-200-paket\/\"]}]},{\"@type\":\"BreadcrumbList\",\"@id\":\"https:\/\/www.eendracht-adventures.nl\/de\/product\/paintball-200-paket\/#breadcrumb\",\"itemListElement\":[{\"@type\":\"ListItem\",\"position\":1,\"name\":\"Home\",\"item\":\"https:\/\/www.eendracht-adventures.nl\/de\/\"},{\"@type\":\"ListItem\",\"position\":2,\"name\":\"Paintball 200 paket\"}]},{\"@type\":\"WebSite\",\"@id\":\"https:\/\/www.eendracht-adventures.nl\/#website\",\"url\":\"https:\/\/www.eendracht-adventures.nl\/\",\"name\":\"Eendracht Adventures\",\"description\":\"Sport, spel, spanning en gezelligheid. Alles in een bij Eendracht Adventures.\",\"publisher\":{\"@id\":\"https:\/\/www.eendracht-adventures.nl\/#organization\"},\"potentialAction\":[{\"@type\":\"SearchAction\",\"target\":{\"@type\":\"EntryPoint\",\"urlTemplate\":\"https:\/\/www.eendracht-adventures.nl\/?s={search_term_string}\"},\"query-input\":\"required name=search_term_string\"}],\"inLanguage\":\"de-DE\"},{\"@type\":\"Organization\",\"@id\":\"https:\/\/www.eendracht-adventures.nl\/#organization\",\"name\":\"Eendracht Adventures\",\"url\":\"https:\/\/www.eendracht-adventures.nl\/\",\"logo\":{\"@type\":\"ImageObject\",\"inLanguage\":\"de-DE\",\"@id\":\"https:\/\/www.eendracht-adventures.nl\/#\/schema\/logo\/image\/\",\"url\":\"https:\/\/www.eendracht-adventures.nl\/wp-content\/uploads\/2021\/11\/Logo-Eendracht-Adventures-groen-zonder-tekst-.png\",\"contentUrl\":\"https:\/\/www.eendracht-adventures.nl\/wp-content\/uploads\/2021\/11\/Logo-Eendracht-Adventures-groen-zonder-tekst-.png\",\"width\":1156,\"height\":352,\"caption\":\"Eendracht Adventures\"},\"image\":{\"@id\":\"https:\/\/www.eendracht-adventures.nl\/#\/schema\/logo\/image\/\"}}]}<\/script>\n<!-- \/ Yoast SEO plugin. -->","yoast_head_json":{"title":"Paintball 200 paket - Eendracht Adventures","robots":{"index":"index","follow":"follow","max-snippet":"max-snippet:-1","max-image-preview":"max-image-preview:large","max-video-preview":"max-video-preview:-1"},"canonical":"https:\/\/www.eendracht-adventures.nl\/de\/product\/paintball-200-paket\/","og_locale":"de_DE","og_type":"article","og_title":"Paintball 200 paket - Eendracht Adventures","og_description":"Inklusive 200 Paintballs  Komplette Ausr\u00fcstung  Professionelle Begleitung  Dauer ca. 2 Stunden  Pro 100 zus\u00e4tzliche Paintballs: \u20ac 12,00","og_url":"https:\/\/www.eendracht-adventures.nl\/de\/product\/paintball-200-paket\/","og_site_name":"Eendracht Adventures","article_modified_time":"2024-07-22T09:02:04+00:00","og_image":[{"width":1054,"height":800,"url":"https:\/\/www.eendracht-adventures.nl\/wp-content\/uploads\/2021\/02\/Paintball-in-het-dorp.png","type":"image\/png"}],"twitter_card":"summary_large_image","twitter_misc":{"Gesch\u00e4tzte Lesezeit":"1 Minute"},"schema":{"@context":"https:\/\/schema.org","@graph":[{"@type":"WebPage","@id":"https:\/\/www.eendracht-adventures.nl\/de\/product\/paintball-200-paket\/","url":"https:\/\/www.eendracht-adventures.nl\/de\/product\/paintball-200-paket\/","name":"Paintball 200 paket - Eendracht Adventures","isPartOf":{"@id":"https:\/\/www.eendracht-adventures.nl\/#website"},"datePublished":"2020-12-31T03:55:58+00:00","dateModified":"2024-07-22T09:02:04+00:00","breadcrumb":{"@id":"https:\/\/www.eendracht-adventures.nl\/de\/product\/paintball-200-paket\/#breadcrumb"},"inLanguage":"de-DE","potentialAction":[{"@type":"ReadAction","target":["https:\/\/www.eendracht-adventures.nl\/de\/product\/paintball-200-paket\/"]}]},{"@type":"BreadcrumbList","@id":"https:\/\/www.eendracht-adventures.nl\/de\/product\/paintball-200-paket\/#breadcrumb","itemListElement":[{"@type":"ListItem","position":1,"name":"Home","item":"https:\/\/www.eendracht-adventures.nl\/de\/"},{"@type":"ListItem","position":2,"name":"Paintball 200 paket"}]},{"@type":"WebSite","@id":"https:\/\/www.eendracht-adventures.nl\/#website","url":"https:\/\/www.eendracht-adventures.nl\/","name":"Eendracht Adventures","description":"Sport, spel, spanning en gezelligheid. Alles in een bij Eendracht Adventures.","publisher":{"@id":"https:\/\/www.eendracht-adventures.nl\/#organization"},"potentialAction":[{"@type":"SearchAction","target":{"@type":"EntryPoint","urlTemplate":"https:\/\/www.eendracht-adventures.nl\/?s={search_term_string}"},"query-input":"required name=search_term_string"}],"inLanguage":"de-DE"},{"@type":"Organization","@id":"https:\/\/www.eendracht-adventures.nl\/#organization","name":"Eendracht Adventures","url":"https:\/\/www.eendracht-adventures.nl\/","logo":{"@type":"ImageObject","inLanguage":"de-DE","@id":"https:\/\/www.eendracht-adventures.nl\/#\/schema\/logo\/image\/","url":"https:\/\/www.eendracht-adventures.nl\/wp-content\/uploads\/2021\/11\/Logo-Eendracht-Adventures-groen-zonder-tekst-.png","contentUrl":"https:\/\/www.eendracht-adventures.nl\/wp-content\/uploads\/2021\/11\/Logo-Eendracht-Adventures-groen-zonder-tekst-.png","width":1156,"height":352,"caption":"Eendracht Adventures"},"image":{"@id":"https:\/\/www.eendracht-adventures.nl\/#\/schema\/logo\/image\/"}}]}},"_links":{"self":[{"href":"https:\/\/www.eendracht-adventures.nl\/de\/wp-json\/wp\/v2\/product\/2139"}],"collection":[{"href":"https:\/\/www.eendracht-adventures.nl\/de\/wp-json\/wp\/v2\/product"}],"about":[{"href":"https:\/\/www.eendracht-adventures.nl\/de\/wp-json\/wp\/v2\/types\/product"}],"wp:featuredmedia":[{"embeddable":true,"href":"https:\/\/www.eendracht-adventures.nl\/de\/wp-json\/wp\/v2\/media\/1576"}],"wp:attachment":[{"href":"https:\/\/www.eendracht-adventures.nl\/de\/wp-json\/wp\/v2\/media?parent=2139"}],"wp:term":[{"taxonomy":"product_cat","embeddable":true,"href":"https:\/\/www.eendracht-adventures.nl\/de\/wp-json\/wp\/v2\/product_cat?post=2139"},{"taxonomy":"product_tag","embeddable":true,"href":"https:\/\/www.eendracht-adventures.nl\/de\/wp-json\/wp\/v2\/product_tag?post=2139"}],"curies":[{"name":"wp","href":"https:\/\/api.w.org\/{rel}","templated":true}]}}