{"id":2557,"date":"2021-01-05T14:24:20","date_gmt":"2021-11-02T11:36:47","guid":{"rendered":"https:\/\/www.eendracht-adventures.nl\/?post_type=product&#038;p=2557"},"modified":"2023-06-01T10:12:14","modified_gmt":"2023-06-01T08:12:14","slug":"junggesellepaket","status":"publish","type":"product","link":"https:\/\/www.eendracht-adventures.nl\/de\/product\/junggesellepaket\/","title":{"rendered":"Junggesellepaket"},"content":{"rendered":"<p>F\u00fcr den ultimativen Junggesellenabschied! Beim Paintballspiel bekommt man extra Munition und es gibt extra Aufmerksamkeit f\u00fcr den Junggesellen (oder Chef, Trainer, werdende Eltern) mit speziellem Hasenanzug. Es beinhaltet eine komplette Ausr\u00fcstung, bestehend aus einem Tarnanzug (oder Hasenanzug), einer Maske mit Anti-Beschlag-Glas und einer Paintball-Pistole. Au\u00dferdem wirst du die gesamte Aktivit\u00e4t von unserem Fachpersonal begleitet. Dieses Paintball-Paket enth\u00e4lt 300 Paintballs.<\/p>\n<p>Bei Eendracht Adventures hast du immer das Feld f\u00fcr deine eigene Gruppe und es gibt kein Zeitlimit bei den Spielen. Wir spielen, bis die B\u00e4lle weg sind, in der Praxis dauert dies in der Regel 3 bis 3,5 Stunden ab Ankunft. Nat\u00fcrlich h\u00e4ngt dies von deinem Schussverhalten ab, aber f\u00fcr die Begeisterten ist es immer m\u00f6glich, zus\u00e4tzliche B\u00e4lle zu kaufen. Ein Betriebsausflug, den man nie vergessen wird!<\/p>\n<p>Nach dem Paintballspiel gibt es ein vollwertiges <a href=\"https:\/\/www.eendracht-adventures.nl\/de\/product\/barbeque-geheel-verzorgd\/\"><strong><u>Grillfest<\/u><\/strong><\/a> mit Qualit\u00e4tsfleisch vom Metzger. Au\u00dferdem gibt es ein Buffet mit frisch gebackenem franz\u00f6sischem Stangenbrot, Kr\u00e4uterbutter, verschiedenen Salaten und Saucen. Das Fleisch wird f\u00fcr dich zubereitet und nat\u00fcrlich sorgen wir f\u00fcr Getr\u00e4nke.<\/p>\n<p><strong>Komplett versorgter Grill mit Qualit\u00e4tsfleisch vom Metzger:<\/strong><\/p>\n<ul>\n<li>Frisch gebackenes Baguette und Kr\u00e4uterbutter<\/li>\n<li>1 gro\u00dfer Wieringer-Weide-Burger, 1 Fleischspie\u00df, 1 gro\u00dfes Schweinefilet und 2 H\u00e4hnchenfilets<\/li>\n<li>Leckere gro\u00dfe vorbereitete Salate mit Fleischr\u00f6llchen, Gem\u00fcse und Obst<\/li>\n<li>Serviert mit Knoblauchsauce, Chili-Sauce und scharfer Erdnuss-Sauce<\/li>\n<\/ul>\n<p>&nbsp;<\/p>\n","protected":false},"excerpt":{"rendered":"<ul>\n<li>300 Paintballs, Austr\u00fcstung, Begleitung<\/li>\n<li>Komplett versorgter Grill<\/li>\n<li>Der ultimative Junggesellenabschied!<\/li>\n<li>Auch f\u00fcr Freunde, Teams und Firmen<\/li>\n<li>Dauer ca. 5 Stunden<\/li>\n<\/ul>\n","protected":false},"featured_media":2573,"template":"","meta":[],"product_cat":[53],"product_tag":[],"acf":[],"yoast_head":"<!-- This site is optimized with the Yoast SEO plugin v20.1 - https:\/\/yoast.com\/wordpress\/plugins\/seo\/ -->\n<title>Junggesellepaket - Eendracht Adventures<\/title>\n<meta name=\"robots\" content=\"index, follow, max-snippet:-1, max-image-preview:large, max-video-preview:-1\" \/>\n<link rel=\"canonical\" href=\"https:\/\/www.eendracht-adventures.nl\/de\/product\/junggesellepaket\/\" \/>\n<meta property=\"og:locale\" content=\"de_DE\" \/>\n<meta property=\"og:type\" content=\"article\" \/>\n<meta property=\"og:title\" content=\"Junggesellepaket - Eendracht Adventures\" \/>\n<meta property=\"og:description\" content=\"300 Paintballs, Austr\u00fcstung, Begleitung  Komplett versorgter Grill  Der ultimative Junggesellenabschied!  Auch f\u00fcr Freunde, Teams und Firmen  Dauer ca. 5 Stunden\" \/>\n<meta property=\"og:url\" content=\"https:\/\/www.eendracht-adventures.nl\/de\/product\/junggesellepaket\/\" \/>\n<meta property=\"og:site_name\" content=\"Eendracht Adventures\" \/>\n<meta property=\"article:modified_time\" content=\"2023-06-01T08:12:14+00:00\" \/>\n<meta property=\"og:image\" content=\"https:\/\/www.eendracht-adventures.nl\/wp-content\/uploads\/2021\/01\/20210718_150247-scaled.jpg\" \/>\n\t<meta property=\"og:image:width\" content=\"2560\" \/>\n\t<meta property=\"og:image:height\" content=\"1920\" \/>\n\t<meta property=\"og:image:type\" content=\"image\/jpeg\" \/>\n<meta name=\"twitter:card\" content=\"summary_large_image\" \/>\n<meta name=\"twitter:label1\" content=\"Gesch\u00e4tzte Lesezeit\" \/>\n\t<meta name=\"twitter:data1\" content=\"2 Minuten\" \/>\n<script type=\"application\/ld+json\" class=\"yoast-schema-graph\">{\"@context\":\"https:\/\/schema.org\",\"@graph\":[{\"@type\":\"WebPage\",\"@id\":\"https:\/\/www.eendracht-adventures.nl\/de\/product\/junggesellepaket\/\",\"url\":\"https:\/\/www.eendracht-adventures.nl\/de\/product\/junggesellepaket\/\",\"name\":\"Junggesellepaket - Eendracht Adventures\",\"isPartOf\":{\"@id\":\"https:\/\/www.eendracht-adventures.nl\/#website\"},\"datePublished\":\"2021-11-02T11:36:47+00:00\",\"dateModified\":\"2023-06-01T08:12:14+00:00\",\"breadcrumb\":{\"@id\":\"https:\/\/www.eendracht-adventures.nl\/de\/product\/junggesellepaket\/#breadcrumb\"},\"inLanguage\":\"de-DE\",\"potentialAction\":[{\"@type\":\"ReadAction\",\"target\":[\"https:\/\/www.eendracht-adventures.nl\/de\/product\/junggesellepaket\/\"]}]},{\"@type\":\"BreadcrumbList\",\"@id\":\"https:\/\/www.eendracht-adventures.nl\/de\/product\/junggesellepaket\/#breadcrumb\",\"itemListElement\":[{\"@type\":\"ListItem\",\"position\":1,\"name\":\"Home\",\"item\":\"https:\/\/www.eendracht-adventures.nl\/de\/\"},{\"@type\":\"ListItem\",\"position\":2,\"name\":\"Junggesellepaket\"}]},{\"@type\":\"WebSite\",\"@id\":\"https:\/\/www.eendracht-adventures.nl\/#website\",\"url\":\"https:\/\/www.eendracht-adventures.nl\/\",\"name\":\"Eendracht Adventures\",\"description\":\"Sport, spel, spanning en gezelligheid. Alles in een bij Eendracht Adventures.\",\"publisher\":{\"@id\":\"https:\/\/www.eendracht-adventures.nl\/#organization\"},\"potentialAction\":[{\"@type\":\"SearchAction\",\"target\":{\"@type\":\"EntryPoint\",\"urlTemplate\":\"https:\/\/www.eendracht-adventures.nl\/?s={search_term_string}\"},\"query-input\":\"required name=search_term_string\"}],\"inLanguage\":\"de-DE\"},{\"@type\":\"Organization\",\"@id\":\"https:\/\/www.eendracht-adventures.nl\/#organization\",\"name\":\"Eendracht Adventures\",\"url\":\"https:\/\/www.eendracht-adventures.nl\/\",\"logo\":{\"@type\":\"ImageObject\",\"inLanguage\":\"de-DE\",\"@id\":\"https:\/\/www.eendracht-adventures.nl\/#\/schema\/logo\/image\/\",\"url\":\"https:\/\/www.eendracht-adventures.nl\/wp-content\/uploads\/2021\/11\/Logo-Eendracht-Adventures-groen-zonder-tekst-.png\",\"contentUrl\":\"https:\/\/www.eendracht-adventures.nl\/wp-content\/uploads\/2021\/11\/Logo-Eendracht-Adventures-groen-zonder-tekst-.png\",\"width\":1156,\"height\":352,\"caption\":\"Eendracht Adventures\"},\"image\":{\"@id\":\"https:\/\/www.eendracht-adventures.nl\/#\/schema\/logo\/image\/\"}}]}<\/script>\n<!-- \/ Yoast SEO plugin. -->","yoast_head_json":{"title":"Junggesellepaket - Eendracht Adventures","robots":{"index":"index","follow":"follow","max-snippet":"max-snippet:-1","max-image-preview":"max-image-preview:large","max-video-preview":"max-video-preview:-1"},"canonical":"https:\/\/www.eendracht-adventures.nl\/de\/product\/junggesellepaket\/","og_locale":"de_DE","og_type":"article","og_title":"Junggesellepaket - Eendracht Adventures","og_description":"300 Paintballs, Austr\u00fcstung, Begleitung  Komplett versorgter Grill  Der ultimative Junggesellenabschied!  Auch f\u00fcr Freunde, Teams und Firmen  Dauer ca. 5 Stunden","og_url":"https:\/\/www.eendracht-adventures.nl\/de\/product\/junggesellepaket\/","og_site_name":"Eendracht Adventures","article_modified_time":"2023-06-01T08:12:14+00:00","og_image":[{"width":2560,"height":1920,"url":"https:\/\/www.eendracht-adventures.nl\/wp-content\/uploads\/2021\/01\/20210718_150247-scaled.jpg","type":"image\/jpeg"}],"twitter_card":"summary_large_image","twitter_misc":{"Gesch\u00e4tzte Lesezeit":"2 Minuten"},"schema":{"@context":"https:\/\/schema.org","@graph":[{"@type":"WebPage","@id":"https:\/\/www.eendracht-adventures.nl\/de\/product\/junggesellepaket\/","url":"https:\/\/www.eendracht-adventures.nl\/de\/product\/junggesellepaket\/","name":"Junggesellepaket - Eendracht Adventures","isPartOf":{"@id":"https:\/\/www.eendracht-adventures.nl\/#website"},"datePublished":"2021-11-02T11:36:47+00:00","dateModified":"2023-06-01T08:12:14+00:00","breadcrumb":{"@id":"https:\/\/www.eendracht-adventures.nl\/de\/product\/junggesellepaket\/#breadcrumb"},"inLanguage":"de-DE","potentialAction":[{"@type":"ReadAction","target":["https:\/\/www.eendracht-adventures.nl\/de\/product\/junggesellepaket\/"]}]},{"@type":"BreadcrumbList","@id":"https:\/\/www.eendracht-adventures.nl\/de\/product\/junggesellepaket\/#breadcrumb","itemListElement":[{"@type":"ListItem","position":1,"name":"Home","item":"https:\/\/www.eendracht-adventures.nl\/de\/"},{"@type":"ListItem","position":2,"name":"Junggesellepaket"}]},{"@type":"WebSite","@id":"https:\/\/www.eendracht-adventures.nl\/#website","url":"https:\/\/www.eendracht-adventures.nl\/","name":"Eendracht Adventures","description":"Sport, spel, spanning en gezelligheid. Alles in een bij Eendracht Adventures.","publisher":{"@id":"https:\/\/www.eendracht-adventures.nl\/#organization"},"potentialAction":[{"@type":"SearchAction","target":{"@type":"EntryPoint","urlTemplate":"https:\/\/www.eendracht-adventures.nl\/?s={search_term_string}"},"query-input":"required name=search_term_string"}],"inLanguage":"de-DE"},{"@type":"Organization","@id":"https:\/\/www.eendracht-adventures.nl\/#organization","name":"Eendracht Adventures","url":"https:\/\/www.eendracht-adventures.nl\/","logo":{"@type":"ImageObject","inLanguage":"de-DE","@id":"https:\/\/www.eendracht-adventures.nl\/#\/schema\/logo\/image\/","url":"https:\/\/www.eendracht-adventures.nl\/wp-content\/uploads\/2021\/11\/Logo-Eendracht-Adventures-groen-zonder-tekst-.png","contentUrl":"https:\/\/www.eendracht-adventures.nl\/wp-content\/uploads\/2021\/11\/Logo-Eendracht-Adventures-groen-zonder-tekst-.png","width":1156,"height":352,"caption":"Eendracht Adventures"},"image":{"@id":"https:\/\/www.eendracht-adventures.nl\/#\/schema\/logo\/image\/"}}]}},"_links":{"self":[{"href":"https:\/\/www.eendracht-adventures.nl\/de\/wp-json\/wp\/v2\/product\/2557"}],"collection":[{"href":"https:\/\/www.eendracht-adventures.nl\/de\/wp-json\/wp\/v2\/product"}],"about":[{"href":"https:\/\/www.eendracht-adventures.nl\/de\/wp-json\/wp\/v2\/types\/product"}],"wp:featuredmedia":[{"embeddable":true,"href":"https:\/\/www.eendracht-adventures.nl\/de\/wp-json\/wp\/v2\/media\/2573"}],"wp:attachment":[{"href":"https:\/\/www.eendracht-adventures.nl\/de\/wp-json\/wp\/v2\/media?parent=2557"}],"wp:term":[{"taxonomy":"product_cat","embeddable":true,"href":"https:\/\/www.eendracht-adventures.nl\/de\/wp-json\/wp\/v2\/product_cat?post=2557"},{"taxonomy":"product_tag","embeddable":true,"href":"https:\/\/www.eendracht-adventures.nl\/de\/wp-json\/wp\/v2\/product_tag?post=2557"}],"curies":[{"name":"wp","href":"https:\/\/api.w.org\/{rel}","templated":true}]}}