{"id":2618,"date":"2021-01-02T15:23:42","date_gmt":"2021-01-02T14:23:42","guid":{"rendered":"https:\/\/www.eendracht-adventures.nl\/product\/bedrijfsuitje-pakket\/"},"modified":"2023-08-15T09:25:16","modified_gmt":"2023-08-15T07:25:16","slug":"firmenevent-paket","status":"publish","type":"product","link":"https:\/\/www.eendracht-adventures.nl\/de\/product\/firmenevent-paket\/","title":{"rendered":"Firmenevent komplettpaket"},"content":{"rendered":"<p>Mit Ihren Kollegen oder Ihrer Firma unterwegs? Der perfekte Ausflug f\u00fcr ein Firmenevent und einen Tag mit Vollverpflegung! Das Basis-Paintball-Paket ist f\u00fcr Einsteiger, die einfach nur Paintball spielen wollen. Es enth\u00e4lt eine komplette Ausr\u00fcstung, bestehend aus einem Tarnanzug, einer Maske mit Anti-Beschlag-Glas und einer Paintball-Pistole. Dar\u00fcber hinaus werden Sie w\u00e4hrend der gesamten Aktivit\u00e4t von unserem fachkundigen Personal begleitet. Dieses Paintball-Paket enth\u00e4lt 100 Paintballs.<\/p>\n<p>Bei Eendracht Adventures haben Sie immer das Feld f\u00fcr Ihre eigene Gruppe und es gibt kein Zeitlimit f\u00fcr die Spiele. Wir spielen so lange, bis wir keine B\u00e4lle mehr haben. In der Praxis dauert dies in der Regel 1 bis 1,5 Stunden ab Ankunft. Das h\u00e4ngt nat\u00fcrlich von Ihrem Schie\u00dfverhalten ab, aber f\u00fcr Enthusiasten ist es immer m\u00f6glich, zus\u00e4tzliche Kugeln zu kaufen. Ein Betriebsausflug f\u00fcr die B\u00fccher, \u00fcber den man noch jahrelang sprechen wird!<\/p>\n<p>Nach dem Paintball gibt es einen <a href=\"https:\/\/www.eendracht-adventures.nl\/de\/product\/komplett-versorgter-grill\/\">Grill<\/a> mit Qualit\u00e4tsfleisch vom Metzger, der f\u00fcr das leibliche Wohl sorgt. Au\u00dferdem gibt es ein Buffet mit frisch gebackenem Baguette, Kr\u00e4uterbutter, verschiedenen Salaten und So\u00dfen. Das Fleisch wird vor Ihren Augen gebraten, und nat\u00fcrlich gibt es auch ein leckeres Getr\u00e4nk.<\/p>\n<p><strong>Vollwertiger Grill mit Qualit\u00e4tsfleisch vom Metzger:<\/strong><\/p>\n<ul>\n<li>Frisch gebackenes Baguette und Kr\u00e4uterbutter<\/li>\n<li>1 gro\u00dfer Wieringer-Weide-Burger, 1 Fleischspie\u00df, 1 gro\u00dfes Schweinefilet-Satay und 2 H\u00e4hnchen-Satays<\/li>\n<li>Leckere gro\u00dfe vorbereitete Salate mit Fleischr\u00f6llchen, Gem\u00fcse und Obst<\/li>\n<li>Serviert mit Knoblauchsauce, Chilisauce und scharfer Erdnusssauce<\/li>\n<\/ul>\n","protected":false},"excerpt":{"rendered":"<ul>\n<li>Enth\u00e4lt 100 Paintballs<\/li>\n<li>Komplette Ausr\u00fcstung<\/li>\n<li>Professionelles Coaching<\/li>\n<li>Grill mit Vollverpflegung<\/li>\n<li>Dauer etwa 4 bis 4,5 Stunden<\/li>\n<li>Pro 100 zus\u00e4tzliche Paintballs: \u20ac 12,00<\/li>\n<\/ul>\n","protected":false},"featured_media":3899,"template":"","meta":[],"product_cat":[65,53],"product_tag":[],"acf":[],"yoast_head":"<!-- This site is optimized with the Yoast SEO plugin v20.1 - https:\/\/yoast.com\/wordpress\/plugins\/seo\/ -->\n<title>Firmenevent komplettpaket - Eendracht Adventures<\/title>\n<meta name=\"robots\" content=\"index, follow, max-snippet:-1, max-image-preview:large, max-video-preview:-1\" \/>\n<link rel=\"canonical\" href=\"https:\/\/www.eendracht-adventures.nl\/de\/product\/firmenevent-paket\/\" \/>\n<meta property=\"og:locale\" content=\"de_DE\" \/>\n<meta property=\"og:type\" content=\"article\" \/>\n<meta property=\"og:title\" content=\"Firmenevent komplettpaket - Eendracht Adventures\" \/>\n<meta property=\"og:description\" content=\"Enth\u00e4lt 100 Paintballs  Komplette Ausr\u00fcstung  Professionelles Coaching  Grill mit Vollverpflegung  Dauer etwa 4 bis 4,5 Stunden  Pro 100 zus\u00e4tzliche Paintballs: \u20ac 12,00\" \/>\n<meta property=\"og:url\" content=\"https:\/\/www.eendracht-adventures.nl\/de\/product\/firmenevent-paket\/\" \/>\n<meta property=\"og:site_name\" content=\"Eendracht Adventures\" \/>\n<meta property=\"article:modified_time\" content=\"2023-08-15T07:25:16+00:00\" \/>\n<meta property=\"og:image\" content=\"https:\/\/www.eendracht-adventures.nl\/wp-content\/uploads\/2021\/02\/Paintball-in-het-dorp.png\" \/>\n\t<meta property=\"og:image:width\" content=\"1054\" \/>\n\t<meta property=\"og:image:height\" content=\"800\" \/>\n\t<meta property=\"og:image:type\" content=\"image\/png\" \/>\n<meta name=\"twitter:card\" content=\"summary_large_image\" \/>\n<meta name=\"twitter:label1\" content=\"Gesch\u00e4tzte Lesezeit\" \/>\n\t<meta name=\"twitter:data1\" content=\"2 Minuten\" \/>\n<script type=\"application\/ld+json\" class=\"yoast-schema-graph\">{\"@context\":\"https:\/\/schema.org\",\"@graph\":[{\"@type\":\"WebPage\",\"@id\":\"https:\/\/www.eendracht-adventures.nl\/de\/product\/firmenevent-paket\/\",\"url\":\"https:\/\/www.eendracht-adventures.nl\/de\/product\/firmenevent-paket\/\",\"name\":\"Firmenevent komplettpaket - Eendracht Adventures\",\"isPartOf\":{\"@id\":\"https:\/\/www.eendracht-adventures.nl\/#website\"},\"datePublished\":\"2021-01-02T14:23:42+00:00\",\"dateModified\":\"2023-08-15T07:25:16+00:00\",\"breadcrumb\":{\"@id\":\"https:\/\/www.eendracht-adventures.nl\/de\/product\/firmenevent-paket\/#breadcrumb\"},\"inLanguage\":\"de-DE\",\"potentialAction\":[{\"@type\":\"ReadAction\",\"target\":[\"https:\/\/www.eendracht-adventures.nl\/de\/product\/firmenevent-paket\/\"]}]},{\"@type\":\"BreadcrumbList\",\"@id\":\"https:\/\/www.eendracht-adventures.nl\/de\/product\/firmenevent-paket\/#breadcrumb\",\"itemListElement\":[{\"@type\":\"ListItem\",\"position\":1,\"name\":\"Home\",\"item\":\"https:\/\/www.eendracht-adventures.nl\/de\/\"},{\"@type\":\"ListItem\",\"position\":2,\"name\":\"Firmenevent komplettpaket\"}]},{\"@type\":\"WebSite\",\"@id\":\"https:\/\/www.eendracht-adventures.nl\/#website\",\"url\":\"https:\/\/www.eendracht-adventures.nl\/\",\"name\":\"Eendracht Adventures\",\"description\":\"Sport, spel, spanning en gezelligheid. Alles in een bij Eendracht Adventures.\",\"publisher\":{\"@id\":\"https:\/\/www.eendracht-adventures.nl\/#organization\"},\"potentialAction\":[{\"@type\":\"SearchAction\",\"target\":{\"@type\":\"EntryPoint\",\"urlTemplate\":\"https:\/\/www.eendracht-adventures.nl\/?s={search_term_string}\"},\"query-input\":\"required name=search_term_string\"}],\"inLanguage\":\"de-DE\"},{\"@type\":\"Organization\",\"@id\":\"https:\/\/www.eendracht-adventures.nl\/#organization\",\"name\":\"Eendracht Adventures\",\"url\":\"https:\/\/www.eendracht-adventures.nl\/\",\"logo\":{\"@type\":\"ImageObject\",\"inLanguage\":\"de-DE\",\"@id\":\"https:\/\/www.eendracht-adventures.nl\/#\/schema\/logo\/image\/\",\"url\":\"https:\/\/www.eendracht-adventures.nl\/wp-content\/uploads\/2021\/11\/Logo-Eendracht-Adventures-groen-zonder-tekst-.png\",\"contentUrl\":\"https:\/\/www.eendracht-adventures.nl\/wp-content\/uploads\/2021\/11\/Logo-Eendracht-Adventures-groen-zonder-tekst-.png\",\"width\":1156,\"height\":352,\"caption\":\"Eendracht Adventures\"},\"image\":{\"@id\":\"https:\/\/www.eendracht-adventures.nl\/#\/schema\/logo\/image\/\"}}]}<\/script>\n<!-- \/ Yoast SEO plugin. -->","yoast_head_json":{"title":"Firmenevent komplettpaket - Eendracht Adventures","robots":{"index":"index","follow":"follow","max-snippet":"max-snippet:-1","max-image-preview":"max-image-preview:large","max-video-preview":"max-video-preview:-1"},"canonical":"https:\/\/www.eendracht-adventures.nl\/de\/product\/firmenevent-paket\/","og_locale":"de_DE","og_type":"article","og_title":"Firmenevent komplettpaket - Eendracht Adventures","og_description":"Enth\u00e4lt 100 Paintballs  Komplette Ausr\u00fcstung  Professionelles Coaching  Grill mit Vollverpflegung  Dauer etwa 4 bis 4,5 Stunden  Pro 100 zus\u00e4tzliche Paintballs: \u20ac 12,00","og_url":"https:\/\/www.eendracht-adventures.nl\/de\/product\/firmenevent-paket\/","og_site_name":"Eendracht Adventures","article_modified_time":"2023-08-15T07:25:16+00:00","og_image":[{"width":1054,"height":800,"url":"https:\/\/www.eendracht-adventures.nl\/wp-content\/uploads\/2021\/02\/Paintball-in-het-dorp.png","type":"image\/png"}],"twitter_card":"summary_large_image","twitter_misc":{"Gesch\u00e4tzte Lesezeit":"2 Minuten"},"schema":{"@context":"https:\/\/schema.org","@graph":[{"@type":"WebPage","@id":"https:\/\/www.eendracht-adventures.nl\/de\/product\/firmenevent-paket\/","url":"https:\/\/www.eendracht-adventures.nl\/de\/product\/firmenevent-paket\/","name":"Firmenevent komplettpaket - Eendracht Adventures","isPartOf":{"@id":"https:\/\/www.eendracht-adventures.nl\/#website"},"datePublished":"2021-01-02T14:23:42+00:00","dateModified":"2023-08-15T07:25:16+00:00","breadcrumb":{"@id":"https:\/\/www.eendracht-adventures.nl\/de\/product\/firmenevent-paket\/#breadcrumb"},"inLanguage":"de-DE","potentialAction":[{"@type":"ReadAction","target":["https:\/\/www.eendracht-adventures.nl\/de\/product\/firmenevent-paket\/"]}]},{"@type":"BreadcrumbList","@id":"https:\/\/www.eendracht-adventures.nl\/de\/product\/firmenevent-paket\/#breadcrumb","itemListElement":[{"@type":"ListItem","position":1,"name":"Home","item":"https:\/\/www.eendracht-adventures.nl\/de\/"},{"@type":"ListItem","position":2,"name":"Firmenevent komplettpaket"}]},{"@type":"WebSite","@id":"https:\/\/www.eendracht-adventures.nl\/#website","url":"https:\/\/www.eendracht-adventures.nl\/","name":"Eendracht Adventures","description":"Sport, spel, spanning en gezelligheid. Alles in een bij Eendracht Adventures.","publisher":{"@id":"https:\/\/www.eendracht-adventures.nl\/#organization"},"potentialAction":[{"@type":"SearchAction","target":{"@type":"EntryPoint","urlTemplate":"https:\/\/www.eendracht-adventures.nl\/?s={search_term_string}"},"query-input":"required name=search_term_string"}],"inLanguage":"de-DE"},{"@type":"Organization","@id":"https:\/\/www.eendracht-adventures.nl\/#organization","name":"Eendracht Adventures","url":"https:\/\/www.eendracht-adventures.nl\/","logo":{"@type":"ImageObject","inLanguage":"de-DE","@id":"https:\/\/www.eendracht-adventures.nl\/#\/schema\/logo\/image\/","url":"https:\/\/www.eendracht-adventures.nl\/wp-content\/uploads\/2021\/11\/Logo-Eendracht-Adventures-groen-zonder-tekst-.png","contentUrl":"https:\/\/www.eendracht-adventures.nl\/wp-content\/uploads\/2021\/11\/Logo-Eendracht-Adventures-groen-zonder-tekst-.png","width":1156,"height":352,"caption":"Eendracht Adventures"},"image":{"@id":"https:\/\/www.eendracht-adventures.nl\/#\/schema\/logo\/image\/"}}]}},"_links":{"self":[{"href":"https:\/\/www.eendracht-adventures.nl\/de\/wp-json\/wp\/v2\/product\/2618"}],"collection":[{"href":"https:\/\/www.eendracht-adventures.nl\/de\/wp-json\/wp\/v2\/product"}],"about":[{"href":"https:\/\/www.eendracht-adventures.nl\/de\/wp-json\/wp\/v2\/types\/product"}],"wp:featuredmedia":[{"embeddable":true,"href":"https:\/\/www.eendracht-adventures.nl\/de\/wp-json\/wp\/v2\/media\/3899"}],"wp:attachment":[{"href":"https:\/\/www.eendracht-adventures.nl\/de\/wp-json\/wp\/v2\/media?parent=2618"}],"wp:term":[{"taxonomy":"product_cat","embeddable":true,"href":"https:\/\/www.eendracht-adventures.nl\/de\/wp-json\/wp\/v2\/product_cat?post=2618"},{"taxonomy":"product_tag","embeddable":true,"href":"https:\/\/www.eendracht-adventures.nl\/de\/wp-json\/wp\/v2\/product_tag?post=2618"}],"curies":[{"name":"wp","href":"https:\/\/api.w.org\/{rel}","templated":true}]}}