{"id":2742,"date":"2022-03-29T13:50:54","date_gmt":"2022-03-29T11:50:54","guid":{"rendered":"https:\/\/www.eendracht-adventures.nl\/?post_type=product&#038;p=2742"},"modified":"2023-11-18T18:20:13","modified_gmt":"2023-11-18T17:20:13","slug":"entree-voor-airsoft-skirm-op-11-09-2022","status":"publish","type":"product","link":"https:\/\/www.eendracht-adventures.nl\/de\/product\/entree-voor-airsoft-skirm-op-11-09-2022\/","title":{"rendered":"Entree voor Airsoft Skirm op 11-09-2022"},"content":{"rendered":"<p>Meld u aan voor het activiteit op 11-09-2022<\/p>\n<p><strong>Gratis deelname aan dit evenement<\/strong><\/p>\n<p>Door een tegemoetkoming van de NABV kunnen wij deze skirm gratis organiseren. Bij aankomst moet je je alleen aanmelden en kan je de gehele dag gratis deelnemen. Gratis deelname geldt alleen voor leden van de NABV en niet voor introduc\u00e9s.<\/p>\n<p>Akkoord op de\u00a0<a href=\"https:\/\/www.eendracht-adventures.nl\/privacy-beleid-gratis-airsoft-evenement\/\">privacy voorwaarden<\/a>\u00a0van het gratis evenement.<\/p>\n<p><strong>Open airsoft Skirm:\u00a0<\/strong><\/p>\n<p>Elke 2de zondag in de maand houdt Eendracht Adventures een open airsoft Skirm. Hiervoor kan ieder NABV-Lid zich voor inschrijven, ook elke introduc\u00e9 moet zichzelf hier aanmelden en aangeven met wie hij\/zij mee is. U kunt hierboven aanmelden voor deze Skirm.<\/p>\n<p><strong>Tijd en kosten:<\/strong><\/p>\n<ul>\n<li>Aankomst vanaf 8:00 uur en games vanaf 9:15 uur tot 15:00 uur<\/li>\n<li>Entree is \u20ac 30,00 per persoon<\/li>\n<li>Aanmelden kan nu op onze website<\/li>\n<\/ul>\n<p><strong>Meer informatie:<\/strong><\/p>\n<ul>\n<li>Bij de Skirm is ruimte voor maximaal 80 deelnemers, gratis perslucht voor HPA-flessen aanwezig!<\/li>\n<li>Eigen replica\u2019s meenemen kan alleen door leden van de NABV, voor offici\u00eble introduc\u00e9s of buitenlanders alleen met een NABV ontheffing krijgen\/lenen een replica van de NABV speler met wie ze mee zijn.<\/li>\n<li>Introduc\u00e9s van de NABV-leden moeten zichzelf aanmelden bij ons, maar moeten ook worden aangemeld door een NABV-lid bij mijn.nabv.nl<br \/>\nVergeet niet dat de introduc\u00e9 een introduc\u00e9 bewijs bij zich moet hebben, die is uitgeprint en ondertekend is door de introduc\u00e9 en het NABV-lid.<\/li>\n<li>Omkleden en klaar maken kan bij op het terras.<\/li>\n<li>Lees bij het inschrijven s.v.p. onze\u00a0<a href=\"https:\/\/www.eendracht-adventures.nl\/airsoft-spelregels\/\">Airsoft spelregels<\/a>\u00a0en\u00a0<a href=\"https:\/\/www.eendracht-adventures.nl\/algemene-voorwaarden\/\">algemene voorwaarden<\/a>\u00a0voor u ons komt bezoeken.<\/li>\n<\/ul>\n<p><strong>Het schema van de dag is:<\/strong><\/p>\n<ul>\n<li>8.00 uur entree en chronometing<\/li>\n<li>9.10 uur briefing<\/li>\n<li>9.15 uur start game<\/li>\n<li>11.30 uur pauze, eten en drinken wordt verzorgd in de kantine<\/li>\n<li>12.30 uur tweede briefing en start game<\/li>\n<li>15.00 uur einde game<\/li>\n<\/ul>\n","protected":false},"excerpt":{"rendered":"<ul>\n<li>Gratis deelname voor leden van de NABV<\/li>\n<li>Open Airsoft Skirm<\/li>\n<li>Op 11-09-2022<\/li>\n<li>Van 8.00 uur tot 15.00 uur<\/li>\n<\/ul>\n","protected":false},"featured_media":1355,"template":"","meta":[],"product_cat":[22],"product_tag":[],"acf":[],"yoast_head":"<!-- This site is optimized with the Yoast SEO plugin v20.1 - https:\/\/yoast.com\/wordpress\/plugins\/seo\/ -->\n<title>Entree voor Airsoft Skirm op 11-09-2022 - Eendracht Adventures<\/title>\n<meta name=\"robots\" content=\"index, follow, max-snippet:-1, max-image-preview:large, max-video-preview:-1\" \/>\n<link rel=\"canonical\" href=\"https:\/\/www.eendracht-adventures.nl\/product\/entree-voor-airsoft-skirm-op-11-09-2022\/\" \/>\n<meta property=\"og:locale\" content=\"de_DE\" \/>\n<meta property=\"og:type\" content=\"article\" \/>\n<meta property=\"og:title\" content=\"Entree voor Airsoft Skirm op 11-09-2022 - Eendracht Adventures\" \/>\n<meta property=\"og:description\" content=\"Gratis deelname voor leden van de NABV  Open Airsoft Skirm  Op 11-09-2022  Van 8.00 uur tot 15.00 uur\" \/>\n<meta property=\"og:url\" content=\"https:\/\/www.eendracht-adventures.nl\/product\/entree-voor-airsoft-skirm-op-11-09-2022\/\" \/>\n<meta property=\"og:site_name\" content=\"Eendracht Adventures\" \/>\n<meta property=\"article:modified_time\" content=\"2023-11-18T17:20:13+00:00\" \/>\n<meta property=\"og:image\" content=\"https:\/\/www.eendracht-adventures.nl\/wp-content\/uploads\/2021\/06\/Screenshot_20210615-113744_Gallery.jpg\" \/>\n\t<meta property=\"og:image:width\" content=\"1923\" \/>\n\t<meta property=\"og:image:height\" content=\"1080\" \/>\n\t<meta property=\"og:image:type\" content=\"image\/jpeg\" \/>\n<meta name=\"twitter:card\" content=\"summary_large_image\" \/>\n<meta name=\"twitter:label1\" content=\"Gesch\u00e4tzte Lesezeit\" \/>\n\t<meta name=\"twitter:data1\" content=\"2 Minuten\" \/>\n<script type=\"application\/ld+json\" class=\"yoast-schema-graph\">{\"@context\":\"https:\/\/schema.org\",\"@graph\":[{\"@type\":\"WebPage\",\"@id\":\"https:\/\/www.eendracht-adventures.nl\/product\/entree-voor-airsoft-skirm-op-11-09-2022\/\",\"url\":\"https:\/\/www.eendracht-adventures.nl\/product\/entree-voor-airsoft-skirm-op-11-09-2022\/\",\"name\":\"Entree voor Airsoft Skirm op 11-09-2022 - Eendracht Adventures\",\"isPartOf\":{\"@id\":\"https:\/\/www.eendracht-adventures.nl\/#website\"},\"datePublished\":\"2022-03-29T11:50:54+00:00\",\"dateModified\":\"2023-11-18T17:20:13+00:00\",\"breadcrumb\":{\"@id\":\"https:\/\/www.eendracht-adventures.nl\/product\/entree-voor-airsoft-skirm-op-11-09-2022\/#breadcrumb\"},\"inLanguage\":\"de-DE\",\"potentialAction\":[{\"@type\":\"ReadAction\",\"target\":[\"https:\/\/www.eendracht-adventures.nl\/product\/entree-voor-airsoft-skirm-op-11-09-2022\/\"]}]},{\"@type\":\"BreadcrumbList\",\"@id\":\"https:\/\/www.eendracht-adventures.nl\/product\/entree-voor-airsoft-skirm-op-11-09-2022\/#breadcrumb\",\"itemListElement\":[{\"@type\":\"ListItem\",\"position\":1,\"name\":\"Home\",\"item\":\"https:\/\/www.eendracht-adventures.nl\/de\/\"},{\"@type\":\"ListItem\",\"position\":2,\"name\":\"Entree voor Airsoft Skirm op 11-09-2022\"}]},{\"@type\":\"WebSite\",\"@id\":\"https:\/\/www.eendracht-adventures.nl\/#website\",\"url\":\"https:\/\/www.eendracht-adventures.nl\/\",\"name\":\"Eendracht Adventures\",\"description\":\"Sport, spel, spanning en gezelligheid. Alles in een bij Eendracht Adventures.\",\"publisher\":{\"@id\":\"https:\/\/www.eendracht-adventures.nl\/#organization\"},\"potentialAction\":[{\"@type\":\"SearchAction\",\"target\":{\"@type\":\"EntryPoint\",\"urlTemplate\":\"https:\/\/www.eendracht-adventures.nl\/?s={search_term_string}\"},\"query-input\":\"required name=search_term_string\"}],\"inLanguage\":\"de-DE\"},{\"@type\":\"Organization\",\"@id\":\"https:\/\/www.eendracht-adventures.nl\/#organization\",\"name\":\"Eendracht Adventures\",\"url\":\"https:\/\/www.eendracht-adventures.nl\/\",\"logo\":{\"@type\":\"ImageObject\",\"inLanguage\":\"de-DE\",\"@id\":\"https:\/\/www.eendracht-adventures.nl\/#\/schema\/logo\/image\/\",\"url\":\"https:\/\/www.eendracht-adventures.nl\/wp-content\/uploads\/2021\/11\/Logo-Eendracht-Adventures-groen-zonder-tekst-.png\",\"contentUrl\":\"https:\/\/www.eendracht-adventures.nl\/wp-content\/uploads\/2021\/11\/Logo-Eendracht-Adventures-groen-zonder-tekst-.png\",\"width\":1156,\"height\":352,\"caption\":\"Eendracht Adventures\"},\"image\":{\"@id\":\"https:\/\/www.eendracht-adventures.nl\/#\/schema\/logo\/image\/\"}}]}<\/script>\n<!-- \/ Yoast SEO plugin. -->","yoast_head_json":{"title":"Entree voor Airsoft Skirm op 11-09-2022 - Eendracht Adventures","robots":{"index":"index","follow":"follow","max-snippet":"max-snippet:-1","max-image-preview":"max-image-preview:large","max-video-preview":"max-video-preview:-1"},"canonical":"https:\/\/www.eendracht-adventures.nl\/product\/entree-voor-airsoft-skirm-op-11-09-2022\/","og_locale":"de_DE","og_type":"article","og_title":"Entree voor Airsoft Skirm op 11-09-2022 - Eendracht Adventures","og_description":"Gratis deelname voor leden van de NABV  Open Airsoft Skirm  Op 11-09-2022  Van 8.00 uur tot 15.00 uur","og_url":"https:\/\/www.eendracht-adventures.nl\/product\/entree-voor-airsoft-skirm-op-11-09-2022\/","og_site_name":"Eendracht Adventures","article_modified_time":"2023-11-18T17:20:13+00:00","og_image":[{"width":1923,"height":1080,"url":"https:\/\/www.eendracht-adventures.nl\/wp-content\/uploads\/2021\/06\/Screenshot_20210615-113744_Gallery.jpg","type":"image\/jpeg"}],"twitter_card":"summary_large_image","twitter_misc":{"Gesch\u00e4tzte Lesezeit":"2 Minuten"},"schema":{"@context":"https:\/\/schema.org","@graph":[{"@type":"WebPage","@id":"https:\/\/www.eendracht-adventures.nl\/product\/entree-voor-airsoft-skirm-op-11-09-2022\/","url":"https:\/\/www.eendracht-adventures.nl\/product\/entree-voor-airsoft-skirm-op-11-09-2022\/","name":"Entree voor Airsoft Skirm op 11-09-2022 - Eendracht Adventures","isPartOf":{"@id":"https:\/\/www.eendracht-adventures.nl\/#website"},"datePublished":"2022-03-29T11:50:54+00:00","dateModified":"2023-11-18T17:20:13+00:00","breadcrumb":{"@id":"https:\/\/www.eendracht-adventures.nl\/product\/entree-voor-airsoft-skirm-op-11-09-2022\/#breadcrumb"},"inLanguage":"de-DE","potentialAction":[{"@type":"ReadAction","target":["https:\/\/www.eendracht-adventures.nl\/product\/entree-voor-airsoft-skirm-op-11-09-2022\/"]}]},{"@type":"BreadcrumbList","@id":"https:\/\/www.eendracht-adventures.nl\/product\/entree-voor-airsoft-skirm-op-11-09-2022\/#breadcrumb","itemListElement":[{"@type":"ListItem","position":1,"name":"Home","item":"https:\/\/www.eendracht-adventures.nl\/de\/"},{"@type":"ListItem","position":2,"name":"Entree voor Airsoft Skirm op 11-09-2022"}]},{"@type":"WebSite","@id":"https:\/\/www.eendracht-adventures.nl\/#website","url":"https:\/\/www.eendracht-adventures.nl\/","name":"Eendracht Adventures","description":"Sport, spel, spanning en gezelligheid. Alles in een bij Eendracht Adventures.","publisher":{"@id":"https:\/\/www.eendracht-adventures.nl\/#organization"},"potentialAction":[{"@type":"SearchAction","target":{"@type":"EntryPoint","urlTemplate":"https:\/\/www.eendracht-adventures.nl\/?s={search_term_string}"},"query-input":"required name=search_term_string"}],"inLanguage":"de-DE"},{"@type":"Organization","@id":"https:\/\/www.eendracht-adventures.nl\/#organization","name":"Eendracht Adventures","url":"https:\/\/www.eendracht-adventures.nl\/","logo":{"@type":"ImageObject","inLanguage":"de-DE","@id":"https:\/\/www.eendracht-adventures.nl\/#\/schema\/logo\/image\/","url":"https:\/\/www.eendracht-adventures.nl\/wp-content\/uploads\/2021\/11\/Logo-Eendracht-Adventures-groen-zonder-tekst-.png","contentUrl":"https:\/\/www.eendracht-adventures.nl\/wp-content\/uploads\/2021\/11\/Logo-Eendracht-Adventures-groen-zonder-tekst-.png","width":1156,"height":352,"caption":"Eendracht Adventures"},"image":{"@id":"https:\/\/www.eendracht-adventures.nl\/#\/schema\/logo\/image\/"}}]}},"_links":{"self":[{"href":"https:\/\/www.eendracht-adventures.nl\/de\/wp-json\/wp\/v2\/product\/2742"}],"collection":[{"href":"https:\/\/www.eendracht-adventures.nl\/de\/wp-json\/wp\/v2\/product"}],"about":[{"href":"https:\/\/www.eendracht-adventures.nl\/de\/wp-json\/wp\/v2\/types\/product"}],"wp:featuredmedia":[{"embeddable":true,"href":"https:\/\/www.eendracht-adventures.nl\/de\/wp-json\/wp\/v2\/media\/1355"}],"wp:attachment":[{"href":"https:\/\/www.eendracht-adventures.nl\/de\/wp-json\/wp\/v2\/media?parent=2742"}],"wp:term":[{"taxonomy":"product_cat","embeddable":true,"href":"https:\/\/www.eendracht-adventures.nl\/de\/wp-json\/wp\/v2\/product_cat?post=2742"},{"taxonomy":"product_tag","embeddable":true,"href":"https:\/\/www.eendracht-adventures.nl\/de\/wp-json\/wp\/v2\/product_tag?post=2742"}],"curies":[{"name":"wp","href":"https:\/\/api.w.org\/{rel}","templated":true}]}}